{"id":662,"date":"2023-02-14T16:56:26","date_gmt":"2023-02-14T15:56:26","guid":{"rendered":"http:\/\/www.studiobudikov.cz\/?post_type=product&#038;p=662"},"modified":"2023-02-14T17:23:59","modified_gmt":"2023-02-14T16:23:59","slug":"ritual-cd","status":"publish","type":"product","link":"https:\/\/www.studiobudikov.cz\/en\/product\/ritual-cd\/","title":{"rendered":"RITU\u00c1L CD"},"content":{"rendered":"<p><em>Po dvoulet\u00e9 pauze vyd\u00e1v\u00e1 skupina Jazz Q na etiket\u011b Studia Bud\u00edkov dal\u0161\u00ed, v po\u0159ad\u00ed ji\u017e 24. album RITU\u00c1L navazuj\u00edc\u00ed na s\u00e9rii ZNOVU, TALISMAN a AMULET z\u00a0d\u0159\u00edv\u011bj\u0161\u00edch let. <\/em><\/p>","protected":false},"excerpt":{"rendered":"<p>Po dvoulet\u00e9 pauze vyd\u00e1v\u00e1 skupina Jazz Q na etiket\u011b Studia Bud\u00edkov dal\u0161\u00ed, v po\u0159ad\u00ed ji\u017e 24. album RITU\u00c1L navazuj\u00edc\u00ed na s\u00e9rii ZNOVU, TALISMAN a AMULET z\u00a0d\u0159\u00edv\u011bj\u0161\u00edch<span class=\"excerpt-hellip\"> [\u2026]<\/span><\/p>","protected":false},"featured_media":670,"comment_status":"open","ping_status":"closed","template":"","meta":[],"product_brand":[],"product_cat":[17],"product_tag":[],"class_list":{"0":"post-662","1":"product","2":"type-product","3":"status-publish","4":"has-post-thumbnail","6":"product_cat-cd","8":"first","9":"instock","10":"shipping-taxable","11":"purchasable","12":"product-type-simple"},"_links":{"self":[{"href":"https:\/\/www.studiobudikov.cz\/en\/wp-json\/wp\/v2\/product\/662","targetHints":{"allow":["GET"]}}],"collection":[{"href":"https:\/\/www.studiobudikov.cz\/en\/wp-json\/wp\/v2\/product"}],"about":[{"href":"https:\/\/www.studiobudikov.cz\/en\/wp-json\/wp\/v2\/types\/product"}],"replies":[{"embeddable":true,"href":"https:\/\/www.studiobudikov.cz\/en\/wp-json\/wp\/v2\/comments?post=662"}],"wp:featuredmedia":[{"embeddable":true,"href":"https:\/\/www.studiobudikov.cz\/en\/wp-json\/wp\/v2\/media\/670"}],"wp:attachment":[{"href":"https:\/\/www.studiobudikov.cz\/en\/wp-json\/wp\/v2\/media?parent=662"}],"wp:term":[{"taxonomy":"product_brand","embeddable":true,"href":"https:\/\/www.studiobudikov.cz\/en\/wp-json\/wp\/v2\/product_brand?post=662"},{"taxonomy":"product_cat","embeddable":true,"href":"https:\/\/www.studiobudikov.cz\/en\/wp-json\/wp\/v2\/product_cat?post=662"},{"taxonomy":"product_tag","embeddable":true,"href":"https:\/\/www.studiobudikov.cz\/en\/wp-json\/wp\/v2\/product_tag?post=662"}],"curies":[{"name":"wp","href":"https:\/\/api.w.org\/{rel}","templated":true}]}}