{"id":582,"date":"2021-06-06T13:12:51","date_gmt":"2021-06-06T11:12:51","guid":{"rendered":"http:\/\/www.studiobudikov.cz\/?post_type=product&#038;p=582"},"modified":"2021-06-06T13:12:52","modified_gmt":"2021-06-06T11:12:52","slug":"pashmina","status":"publish","type":"product","link":"https:\/\/www.studiobudikov.cz\/en\/product\/pashmina\/","title":{"rendered":"Pashmina"},"content":{"rendered":"<p>\u010cty\u0159d\u00edln\u00fd epick\u00fd seri\u00e1l o pashminov\u00e9 vln\u011b a jej\u00ed embargovan\u00e9 odr\u016fd\u011b shah-tus, za jej\u00ed\u017e neleg\u00e1ln\u00ed vlastnictv\u00ed se v him\u00e1lajsk\u00fdch zem\u00edch chod\u00ed do v\u011bzen\u00ed.(Vlna, vl\u00e1da a vliv, Him\u00e1lajsk\u00e9 karavann\u00ed stezky, Duchovn\u00ed a obchodn\u00ed centra, Zrozen\u00ed kr\u00e1sy)<\/p>","protected":false},"excerpt":{"rendered":"<p>\u010cty\u0159d\u00edln\u00fd epick\u00fd seri\u00e1l o pashminov\u00e9 vln\u011b a jej\u00ed embargovan\u00e9 odr\u016fd\u011b shah-tus, za jej\u00ed\u017e neleg\u00e1ln\u00ed vlastnictv\u00ed se v him\u00e1lajsk\u00fdch zem\u00edch chod\u00ed do v\u011bzen\u00ed.(Vlna, vl\u00e1da a vliv, Him\u00e1lajsk\u00e9<span class=\"excerpt-hellip\"> [\u2026]<\/span><\/p>","protected":false},"featured_media":583,"comment_status":"open","ping_status":"closed","template":"","meta":[],"product_brand":[],"product_cat":[19],"product_tag":[],"class_list":{"0":"post-582","1":"product","2":"type-product","3":"status-publish","4":"has-post-thumbnail","6":"product_cat-dvd","8":"first","9":"instock","10":"shipping-taxable","11":"purchasable","12":"product-type-simple"},"_links":{"self":[{"href":"https:\/\/www.studiobudikov.cz\/en\/wp-json\/wp\/v2\/product\/582","targetHints":{"allow":["GET"]}}],"collection":[{"href":"https:\/\/www.studiobudikov.cz\/en\/wp-json\/wp\/v2\/product"}],"about":[{"href":"https:\/\/www.studiobudikov.cz\/en\/wp-json\/wp\/v2\/types\/product"}],"replies":[{"embeddable":true,"href":"https:\/\/www.studiobudikov.cz\/en\/wp-json\/wp\/v2\/comments?post=582"}],"wp:featuredmedia":[{"embeddable":true,"href":"https:\/\/www.studiobudikov.cz\/en\/wp-json\/wp\/v2\/media\/583"}],"wp:attachment":[{"href":"https:\/\/www.studiobudikov.cz\/en\/wp-json\/wp\/v2\/media?parent=582"}],"wp:term":[{"taxonomy":"product_brand","embeddable":true,"href":"https:\/\/www.studiobudikov.cz\/en\/wp-json\/wp\/v2\/product_brand?post=582"},{"taxonomy":"product_cat","embeddable":true,"href":"https:\/\/www.studiobudikov.cz\/en\/wp-json\/wp\/v2\/product_cat?post=582"},{"taxonomy":"product_tag","embeddable":true,"href":"https:\/\/www.studiobudikov.cz\/en\/wp-json\/wp\/v2\/product_tag?post=582"}],"curies":[{"name":"wp","href":"https:\/\/api.w.org\/{rel}","templated":true}]}}