{"id":578,"date":"2021-06-06T13:11:04","date_gmt":"2021-06-06T11:11:04","guid":{"rendered":"http:\/\/www.studiobudikov.cz\/?post_type=product&#038;p=578"},"modified":"2021-06-06T13:11:05","modified_gmt":"2021-06-06T11:11:05","slug":"nepal","status":"publish","type":"product","link":"https:\/\/www.studiobudikov.cz\/en\/product\/nepal\/","title":{"rendered":"Nep\u00e1l"},"content":{"rendered":"<p>Dokument je pr\u016f\u0159ezem pr\u00e1ce filmov\u00e9ho t\u00fdmu, kter\u00fd nav\u0161t\u00edvil Nep\u00e1l ji\u017e mnohokr\u00e1t a vyprodukoval celou \u0159adu film\u016f o expedic\u00edch do Him\u00e1laje.<\/p>","protected":false},"excerpt":{"rendered":"<p>Dokument je pr\u016f\u0159ezem pr\u00e1ce filmov\u00e9ho t\u00fdmu, kter\u00fd nav\u0161t\u00edvil Nep\u00e1l ji\u017e mnohokr\u00e1t a vyprodukoval celou \u0159adu film\u016f o expedic\u00edch do Him\u00e1laje.<\/p>","protected":false},"featured_media":579,"comment_status":"open","ping_status":"closed","template":"","meta":[],"product_brand":[],"product_cat":[19],"product_tag":[],"class_list":{"0":"post-578","1":"product","2":"type-product","3":"status-publish","4":"has-post-thumbnail","6":"product_cat-dvd","8":"first","9":"instock","10":"shipping-taxable","11":"purchasable","12":"product-type-simple"},"_links":{"self":[{"href":"https:\/\/www.studiobudikov.cz\/en\/wp-json\/wp\/v2\/product\/578","targetHints":{"allow":["GET"]}}],"collection":[{"href":"https:\/\/www.studiobudikov.cz\/en\/wp-json\/wp\/v2\/product"}],"about":[{"href":"https:\/\/www.studiobudikov.cz\/en\/wp-json\/wp\/v2\/types\/product"}],"replies":[{"embeddable":true,"href":"https:\/\/www.studiobudikov.cz\/en\/wp-json\/wp\/v2\/comments?post=578"}],"wp:featuredmedia":[{"embeddable":true,"href":"https:\/\/www.studiobudikov.cz\/en\/wp-json\/wp\/v2\/media\/579"}],"wp:attachment":[{"href":"https:\/\/www.studiobudikov.cz\/en\/wp-json\/wp\/v2\/media?parent=578"}],"wp:term":[{"taxonomy":"product_brand","embeddable":true,"href":"https:\/\/www.studiobudikov.cz\/en\/wp-json\/wp\/v2\/product_brand?post=578"},{"taxonomy":"product_cat","embeddable":true,"href":"https:\/\/www.studiobudikov.cz\/en\/wp-json\/wp\/v2\/product_cat?post=578"},{"taxonomy":"product_tag","embeddable":true,"href":"https:\/\/www.studiobudikov.cz\/en\/wp-json\/wp\/v2\/product_tag?post=578"}],"curies":[{"name":"wp","href":"https:\/\/api.w.org\/{rel}","templated":true}]}}