{"id":576,"date":"2021-06-06T13:10:07","date_gmt":"2021-06-06T11:10:07","guid":{"rendered":"http:\/\/www.studiobudikov.cz\/?post_type=product&#038;p=576"},"modified":"2021-06-06T13:10:07","modified_gmt":"2021-06-06T11:10:07","slug":"makalu","status":"publish","type":"product","link":"https:\/\/www.studiobudikov.cz\/en\/product\/makalu\/","title":{"rendered":"Makalu"},"content":{"rendered":"<p>Filmov\u00fd z\u00e1znam expedice do ned\u00e1vno otev\u0159en\u00e9ho n\u00e1rodn\u00edho parku Makalu-Barun.<\/p>","protected":false},"excerpt":{"rendered":"<p>Filmov\u00fd z\u00e1znam expedice do ned\u00e1vno otev\u0159en\u00e9ho n\u00e1rodn\u00edho parku Makalu-Barun.<\/p>","protected":false},"featured_media":577,"comment_status":"open","ping_status":"closed","template":"","meta":[],"product_brand":[],"product_cat":[19],"product_tag":[],"class_list":{"0":"post-576","1":"product","2":"type-product","3":"status-publish","4":"has-post-thumbnail","6":"product_cat-dvd","8":"first","9":"instock","10":"shipping-taxable","11":"purchasable","12":"product-type-simple"},"_links":{"self":[{"href":"https:\/\/www.studiobudikov.cz\/en\/wp-json\/wp\/v2\/product\/576","targetHints":{"allow":["GET"]}}],"collection":[{"href":"https:\/\/www.studiobudikov.cz\/en\/wp-json\/wp\/v2\/product"}],"about":[{"href":"https:\/\/www.studiobudikov.cz\/en\/wp-json\/wp\/v2\/types\/product"}],"replies":[{"embeddable":true,"href":"https:\/\/www.studiobudikov.cz\/en\/wp-json\/wp\/v2\/comments?post=576"}],"wp:featuredmedia":[{"embeddable":true,"href":"https:\/\/www.studiobudikov.cz\/en\/wp-json\/wp\/v2\/media\/577"}],"wp:attachment":[{"href":"https:\/\/www.studiobudikov.cz\/en\/wp-json\/wp\/v2\/media?parent=576"}],"wp:term":[{"taxonomy":"product_brand","embeddable":true,"href":"https:\/\/www.studiobudikov.cz\/en\/wp-json\/wp\/v2\/product_brand?post=576"},{"taxonomy":"product_cat","embeddable":true,"href":"https:\/\/www.studiobudikov.cz\/en\/wp-json\/wp\/v2\/product_cat?post=576"},{"taxonomy":"product_tag","embeddable":true,"href":"https:\/\/www.studiobudikov.cz\/en\/wp-json\/wp\/v2\/product_tag?post=576"}],"curies":[{"name":"wp","href":"https:\/\/api.w.org\/{rel}","templated":true}]}}