{"id":564,"date":"2021-06-06T13:03:20","date_gmt":"2021-06-06T11:03:20","guid":{"rendered":"http:\/\/www.studiobudikov.cz\/?post_type=product&#038;p=564"},"modified":"2022-06-01T18:36:33","modified_gmt":"2022-06-01T16:36:33","slug":"indicky-himalaj","status":"publish","type":"product","link":"https:\/\/www.studiobudikov.cz\/en\/product\/indicky-himalaj\/","title":{"rendered":"Indick\u00fd Him\u00e1laj"},"content":{"rendered":"<p>P\u011btid\u00edln\u00fd seri\u00e1l z dlouh\u00e9 expedice indick\u00fdm Him\u00e1lajem.<\/p>","protected":false},"excerpt":{"rendered":"<p>P\u011btid\u00edln\u00fd seri\u00e1l z dlouh\u00e9 expedice indick\u00fdm Him\u00e1lajem.<\/p>","protected":false},"featured_media":565,"comment_status":"open","ping_status":"closed","template":"","meta":[],"product_brand":[],"product_cat":[19],"product_tag":[],"class_list":{"0":"post-564","1":"product","2":"type-product","3":"status-publish","4":"has-post-thumbnail","6":"product_cat-dvd","8":"first","9":"instock","10":"shipping-taxable","11":"purchasable","12":"product-type-simple"},"_links":{"self":[{"href":"https:\/\/www.studiobudikov.cz\/en\/wp-json\/wp\/v2\/product\/564","targetHints":{"allow":["GET"]}}],"collection":[{"href":"https:\/\/www.studiobudikov.cz\/en\/wp-json\/wp\/v2\/product"}],"about":[{"href":"https:\/\/www.studiobudikov.cz\/en\/wp-json\/wp\/v2\/types\/product"}],"replies":[{"embeddable":true,"href":"https:\/\/www.studiobudikov.cz\/en\/wp-json\/wp\/v2\/comments?post=564"}],"wp:featuredmedia":[{"embeddable":true,"href":"https:\/\/www.studiobudikov.cz\/en\/wp-json\/wp\/v2\/media\/565"}],"wp:attachment":[{"href":"https:\/\/www.studiobudikov.cz\/en\/wp-json\/wp\/v2\/media?parent=564"}],"wp:term":[{"taxonomy":"product_brand","embeddable":true,"href":"https:\/\/www.studiobudikov.cz\/en\/wp-json\/wp\/v2\/product_brand?post=564"},{"taxonomy":"product_cat","embeddable":true,"href":"https:\/\/www.studiobudikov.cz\/en\/wp-json\/wp\/v2\/product_cat?post=564"},{"taxonomy":"product_tag","embeddable":true,"href":"https:\/\/www.studiobudikov.cz\/en\/wp-json\/wp\/v2\/product_tag?post=564"}],"curies":[{"name":"wp","href":"https:\/\/api.w.org\/{rel}","templated":true}]}}