{"id":556,"date":"2021-06-06T10:10:00","date_gmt":"2021-06-06T08:10:00","guid":{"rendered":"http:\/\/www.studiobudikov.cz\/?post_type=product&#038;p=556"},"modified":"2021-06-06T10:10:12","modified_gmt":"2021-06-06T08:10:12","slug":"dolpo-ztraceny-raj-nepalu","status":"publish","type":"product","link":"https:\/\/www.studiobudikov.cz\/en\/product\/dolpo-ztraceny-raj-nepalu\/","title":{"rendered":"Dolpo: Ztracen\u00fd r\u00e1j Nep\u00e1lu"},"content":{"rendered":"<p>Filmov\u00fd dokument expedice do Dolpa &#8211; odlehl\u00e9 a nedostupn\u00e9 tibetsk\u00e9 enkl\u00e1vy v z\u00e1padn\u00edm Nep\u00e1lu.<\/p>","protected":false},"excerpt":{"rendered":"<p>Filmov\u00fd dokument expedice do Dolpa &#8211; odlehl\u00e9 a nedostupn\u00e9 tibetsk\u00e9 enkl\u00e1vy v z\u00e1padn\u00edm Nep\u00e1lu.<\/p>","protected":false},"featured_media":557,"comment_status":"open","ping_status":"closed","template":"","meta":[],"product_brand":[],"product_cat":[19],"product_tag":[],"class_list":{"0":"post-556","1":"product","2":"type-product","3":"status-publish","4":"has-post-thumbnail","6":"product_cat-dvd","8":"first","9":"instock","10":"shipping-taxable","11":"purchasable","12":"product-type-simple"},"_links":{"self":[{"href":"https:\/\/www.studiobudikov.cz\/en\/wp-json\/wp\/v2\/product\/556","targetHints":{"allow":["GET"]}}],"collection":[{"href":"https:\/\/www.studiobudikov.cz\/en\/wp-json\/wp\/v2\/product"}],"about":[{"href":"https:\/\/www.studiobudikov.cz\/en\/wp-json\/wp\/v2\/types\/product"}],"replies":[{"embeddable":true,"href":"https:\/\/www.studiobudikov.cz\/en\/wp-json\/wp\/v2\/comments?post=556"}],"wp:featuredmedia":[{"embeddable":true,"href":"https:\/\/www.studiobudikov.cz\/en\/wp-json\/wp\/v2\/media\/557"}],"wp:attachment":[{"href":"https:\/\/www.studiobudikov.cz\/en\/wp-json\/wp\/v2\/media?parent=556"}],"wp:term":[{"taxonomy":"product_brand","embeddable":true,"href":"https:\/\/www.studiobudikov.cz\/en\/wp-json\/wp\/v2\/product_brand?post=556"},{"taxonomy":"product_cat","embeddable":true,"href":"https:\/\/www.studiobudikov.cz\/en\/wp-json\/wp\/v2\/product_cat?post=556"},{"taxonomy":"product_tag","embeddable":true,"href":"https:\/\/www.studiobudikov.cz\/en\/wp-json\/wp\/v2\/product_tag?post=556"}],"curies":[{"name":"wp","href":"https:\/\/api.w.org\/{rel}","templated":true}]}}