{"id":544,"date":"2021-06-05T21:28:30","date_gmt":"2021-06-05T19:28:30","guid":{"rendered":"http:\/\/www.studiobudikov.cz\/?post_type=product&#038;p=544"},"modified":"2021-06-05T21:28:30","modified_gmt":"2021-06-05T19:28:30","slug":"zvukobrani-komplet-8-cd","status":"publish","type":"product","link":"https:\/\/www.studiobudikov.cz\/en\/product\/zvukobrani-komplet-8-cd\/","title":{"rendered":"Zvukobran\u00ed komplet 8 CD"},"content":{"rendered":"<p>Kompletn\u00ed diskografie dua Kratochv\u00edl\/Ackerman.<\/p>","protected":false},"excerpt":{"rendered":"<p>Kompletn\u00ed diskografie dua Kratochv\u00edl\/Ackerman.<\/p>","protected":false},"featured_media":545,"comment_status":"open","ping_status":"closed","template":"","meta":[],"product_brand":[],"product_cat":[17],"product_tag":[],"class_list":{"0":"post-544","1":"product","2":"type-product","3":"status-publish","4":"has-post-thumbnail","6":"product_cat-cd","8":"first","9":"instock","10":"shipping-taxable","11":"purchasable","12":"product-type-simple"},"_links":{"self":[{"href":"https:\/\/www.studiobudikov.cz\/en\/wp-json\/wp\/v2\/product\/544","targetHints":{"allow":["GET"]}}],"collection":[{"href":"https:\/\/www.studiobudikov.cz\/en\/wp-json\/wp\/v2\/product"}],"about":[{"href":"https:\/\/www.studiobudikov.cz\/en\/wp-json\/wp\/v2\/types\/product"}],"replies":[{"embeddable":true,"href":"https:\/\/www.studiobudikov.cz\/en\/wp-json\/wp\/v2\/comments?post=544"}],"wp:featuredmedia":[{"embeddable":true,"href":"https:\/\/www.studiobudikov.cz\/en\/wp-json\/wp\/v2\/media\/545"}],"wp:attachment":[{"href":"https:\/\/www.studiobudikov.cz\/en\/wp-json\/wp\/v2\/media?parent=544"}],"wp:term":[{"taxonomy":"product_brand","embeddable":true,"href":"https:\/\/www.studiobudikov.cz\/en\/wp-json\/wp\/v2\/product_brand?post=544"},{"taxonomy":"product_cat","embeddable":true,"href":"https:\/\/www.studiobudikov.cz\/en\/wp-json\/wp\/v2\/product_cat?post=544"},{"taxonomy":"product_tag","embeddable":true,"href":"https:\/\/www.studiobudikov.cz\/en\/wp-json\/wp\/v2\/product_tag?post=544"}],"curies":[{"name":"wp","href":"https:\/\/api.w.org\/{rel}","templated":true}]}}