{"id":540,"date":"2021-06-05T21:25:42","date_gmt":"2021-06-05T19:25:42","guid":{"rendered":"http:\/\/www.studiobudikov.cz\/?post_type=product&#038;p=540"},"modified":"2024-08-20T13:33:16","modified_gmt":"2024-08-20T11:33:16","slug":"znovu","status":"publish","type":"product","link":"https:\/\/www.studiobudikov.cz\/en\/product\/znovu\/","title":{"rendered":"Znovu"},"content":{"rendered":"<p>Po dlouh\u00fdch 28 letech p\u0159ich\u00e1z\u00ed legend\u00e1rn\u00ed skupina Jazz Q Martina Kratochv\u00edla s nov\u00fdm CD i vinylovou LP deskou. Album se jmenuje ZNOVU a hraj\u00ed na n\u011bm vedle kapeln\u00edka je\u0161t\u011b kytarista Zden\u011bk Fi\u0161er, basista P\u0159emysl Faukner a ve Spojen\u00fdch st\u00e1tech \u017eij\u00edc\u00ed buben\u00edk&#8230;<\/p>","protected":false},"excerpt":{"rendered":"<p>Po dlouh\u00fdch 28 letech p\u0159ich\u00e1z\u00ed legend\u00e1rn\u00ed skupina Jazz Q Martina Kratochv\u00edla s nov\u00fdm CD i vinylovou LP deskou. Album se jmenuje ZNOVU a hraj\u00ed na n\u011bm<span class=\"excerpt-hellip\"> [\u2026]<\/span><\/p>","protected":false},"featured_media":541,"comment_status":"open","ping_status":"closed","template":"","meta":[],"product_brand":[],"product_cat":[17],"product_tag":[],"class_list":{"0":"post-540","1":"product","2":"type-product","3":"status-publish","4":"has-post-thumbnail","6":"product_cat-cd","8":"first","9":"instock","10":"shipping-taxable","11":"purchasable","12":"product-type-simple"},"_links":{"self":[{"href":"https:\/\/www.studiobudikov.cz\/en\/wp-json\/wp\/v2\/product\/540","targetHints":{"allow":["GET"]}}],"collection":[{"href":"https:\/\/www.studiobudikov.cz\/en\/wp-json\/wp\/v2\/product"}],"about":[{"href":"https:\/\/www.studiobudikov.cz\/en\/wp-json\/wp\/v2\/types\/product"}],"replies":[{"embeddable":true,"href":"https:\/\/www.studiobudikov.cz\/en\/wp-json\/wp\/v2\/comments?post=540"}],"wp:featuredmedia":[{"embeddable":true,"href":"https:\/\/www.studiobudikov.cz\/en\/wp-json\/wp\/v2\/media\/541"}],"wp:attachment":[{"href":"https:\/\/www.studiobudikov.cz\/en\/wp-json\/wp\/v2\/media?parent=540"}],"wp:term":[{"taxonomy":"product_brand","embeddable":true,"href":"https:\/\/www.studiobudikov.cz\/en\/wp-json\/wp\/v2\/product_brand?post=540"},{"taxonomy":"product_cat","embeddable":true,"href":"https:\/\/www.studiobudikov.cz\/en\/wp-json\/wp\/v2\/product_cat?post=540"},{"taxonomy":"product_tag","embeddable":true,"href":"https:\/\/www.studiobudikov.cz\/en\/wp-json\/wp\/v2\/product_tag?post=540"}],"curies":[{"name":"wp","href":"https:\/\/api.w.org\/{rel}","templated":true}]}}