{"id":536,"date":"2021-06-05T21:22:03","date_gmt":"2021-06-05T19:22:03","guid":{"rendered":"http:\/\/www.studiobudikov.cz\/?post_type=product&#038;p=536"},"modified":"2022-06-01T12:56:34","modified_gmt":"2022-06-01T10:56:34","slug":"zivi-se-divi-live-in-bratislava","status":"publish","type":"product","link":"https:\/\/www.studiobudikov.cz\/en\/product\/zivi-se-divi-live-in-bratislava\/","title":{"rendered":"\u017div\u00ed se div\u00ed &#8211; Live in Bratislava"},"content":{"rendered":"<p>\u017div\u00fd koncert skupiny Jazz Q v PKO Bratislava, 2.2.1975.<\/p>","protected":false},"excerpt":{"rendered":"<p>\u017div\u00fd koncert skupiny Jazz Q v PKO Bratislava, 2.2.1975.<\/p>","protected":false},"featured_media":537,"comment_status":"open","ping_status":"closed","template":"","meta":[],"product_brand":[],"product_cat":[17],"product_tag":[],"class_list":{"0":"post-536","1":"product","2":"type-product","3":"status-publish","4":"has-post-thumbnail","6":"product_cat-cd","8":"first","9":"instock","10":"shipping-taxable","11":"product-type-simple"},"_links":{"self":[{"href":"https:\/\/www.studiobudikov.cz\/en\/wp-json\/wp\/v2\/product\/536","targetHints":{"allow":["GET"]}}],"collection":[{"href":"https:\/\/www.studiobudikov.cz\/en\/wp-json\/wp\/v2\/product"}],"about":[{"href":"https:\/\/www.studiobudikov.cz\/en\/wp-json\/wp\/v2\/types\/product"}],"replies":[{"embeddable":true,"href":"https:\/\/www.studiobudikov.cz\/en\/wp-json\/wp\/v2\/comments?post=536"}],"wp:featuredmedia":[{"embeddable":true,"href":"https:\/\/www.studiobudikov.cz\/en\/wp-json\/wp\/v2\/media\/537"}],"wp:attachment":[{"href":"https:\/\/www.studiobudikov.cz\/en\/wp-json\/wp\/v2\/media?parent=536"}],"wp:term":[{"taxonomy":"product_brand","embeddable":true,"href":"https:\/\/www.studiobudikov.cz\/en\/wp-json\/wp\/v2\/product_brand?post=536"},{"taxonomy":"product_cat","embeddable":true,"href":"https:\/\/www.studiobudikov.cz\/en\/wp-json\/wp\/v2\/product_cat?post=536"},{"taxonomy":"product_tag","embeddable":true,"href":"https:\/\/www.studiobudikov.cz\/en\/wp-json\/wp\/v2\/product_tag?post=536"}],"curies":[{"name":"wp","href":"https:\/\/api.w.org\/{rel}","templated":true}]}}