{"id":534,"date":"2021-06-05T21:19:45","date_gmt":"2021-06-05T19:19:45","guid":{"rendered":"http:\/\/www.studiobudikov.cz\/?post_type=product&#038;p=534"},"modified":"2022-06-01T12:57:48","modified_gmt":"2022-06-01T10:57:48","slug":"temne-slunce","status":"publish","type":"product","link":"https:\/\/www.studiobudikov.cz\/en\/product\/temne-slunce\/","title":{"rendered":"Temn\u00e9 slunce (do\u010dasn\u011b nedostupn\u00e9)"},"content":{"rendered":"<p>Origin\u00e1l soundtrack k velkofilmu Otokara V\u00e1vry Temn\u00e9 slunce.<\/p>","protected":false},"excerpt":{"rendered":"<p>Origin\u00e1l soundtrack k velkofilmu Otokara V\u00e1vry Temn\u00e9 slunce.<\/p>","protected":false},"featured_media":535,"comment_status":"open","ping_status":"closed","template":"","meta":[],"product_brand":[],"product_cat":[17],"product_tag":[],"class_list":{"0":"post-534","1":"product","2":"type-product","3":"status-publish","4":"has-post-thumbnail","6":"product_cat-cd","8":"first","9":"instock","10":"shipping-taxable","11":"purchasable","12":"product-type-simple"},"_links":{"self":[{"href":"https:\/\/www.studiobudikov.cz\/en\/wp-json\/wp\/v2\/product\/534","targetHints":{"allow":["GET"]}}],"collection":[{"href":"https:\/\/www.studiobudikov.cz\/en\/wp-json\/wp\/v2\/product"}],"about":[{"href":"https:\/\/www.studiobudikov.cz\/en\/wp-json\/wp\/v2\/types\/product"}],"replies":[{"embeddable":true,"href":"https:\/\/www.studiobudikov.cz\/en\/wp-json\/wp\/v2\/comments?post=534"}],"wp:featuredmedia":[{"embeddable":true,"href":"https:\/\/www.studiobudikov.cz\/en\/wp-json\/wp\/v2\/media\/535"}],"wp:attachment":[{"href":"https:\/\/www.studiobudikov.cz\/en\/wp-json\/wp\/v2\/media?parent=534"}],"wp:term":[{"taxonomy":"product_brand","embeddable":true,"href":"https:\/\/www.studiobudikov.cz\/en\/wp-json\/wp\/v2\/product_brand?post=534"},{"taxonomy":"product_cat","embeddable":true,"href":"https:\/\/www.studiobudikov.cz\/en\/wp-json\/wp\/v2\/product_cat?post=534"},{"taxonomy":"product_tag","embeddable":true,"href":"https:\/\/www.studiobudikov.cz\/en\/wp-json\/wp\/v2\/product_tag?post=534"}],"curies":[{"name":"wp","href":"https:\/\/api.w.org\/{rel}","templated":true}]}}