{"id":523,"date":"2021-06-05T21:09:22","date_gmt":"2021-06-05T19:09:22","guid":{"rendered":"http:\/\/www.studiobudikov.cz\/?post_type=product&#038;p=523"},"modified":"2021-06-05T21:09:23","modified_gmt":"2021-06-05T19:09:23","slug":"silocary","status":"publish","type":"product","link":"https:\/\/www.studiobudikov.cz\/en\/product\/silocary\/","title":{"rendered":"Silo\u010d\u00e1ry"},"content":{"rendered":"<p>Martin Kratochv\u00edl, zn\u00e1m\u00fd p\u0159edev\u0161\u00edm jako leader legend\u00e1rn\u00ed jazzrockov\u00e9 kapely Jazz Q i \u010dlen akustick\u00e9ho tria s Tony Ackermanem a Imranem Musou Zangim, p\u0159ich\u00e1z\u00ed s nov\u00fdm s\u00f3lov\u00fdm albem, kde hraj\u00ed \u010dlenov\u00e9 obou formac\u00ed a dal\u0161\u00ed host\u00e9.<\/p>","protected":false},"excerpt":{"rendered":"<p>Martin Kratochv\u00edl, zn\u00e1m\u00fd p\u0159edev\u0161\u00edm jako leader legend\u00e1rn\u00ed jazzrockov\u00e9 kapely Jazz Q i \u010dlen akustick\u00e9ho tria s Tony Ackermanem a Imranem Musou Zangim, p\u0159ich\u00e1z\u00ed s nov\u00fdm s\u00f3lov\u00fdm<span class=\"excerpt-hellip\"> [\u2026]<\/span><\/p>","protected":false},"featured_media":524,"comment_status":"open","ping_status":"closed","template":"","meta":[],"product_brand":[],"product_cat":[17],"product_tag":[],"class_list":{"0":"post-523","1":"product","2":"type-product","3":"status-publish","4":"has-post-thumbnail","6":"product_cat-cd","8":"first","9":"instock","10":"shipping-taxable","11":"purchasable","12":"product-type-simple"},"_links":{"self":[{"href":"https:\/\/www.studiobudikov.cz\/en\/wp-json\/wp\/v2\/product\/523","targetHints":{"allow":["GET"]}}],"collection":[{"href":"https:\/\/www.studiobudikov.cz\/en\/wp-json\/wp\/v2\/product"}],"about":[{"href":"https:\/\/www.studiobudikov.cz\/en\/wp-json\/wp\/v2\/types\/product"}],"replies":[{"embeddable":true,"href":"https:\/\/www.studiobudikov.cz\/en\/wp-json\/wp\/v2\/comments?post=523"}],"wp:featuredmedia":[{"embeddable":true,"href":"https:\/\/www.studiobudikov.cz\/en\/wp-json\/wp\/v2\/media\/524"}],"wp:attachment":[{"href":"https:\/\/www.studiobudikov.cz\/en\/wp-json\/wp\/v2\/media?parent=523"}],"wp:term":[{"taxonomy":"product_brand","embeddable":true,"href":"https:\/\/www.studiobudikov.cz\/en\/wp-json\/wp\/v2\/product_brand?post=523"},{"taxonomy":"product_cat","embeddable":true,"href":"https:\/\/www.studiobudikov.cz\/en\/wp-json\/wp\/v2\/product_cat?post=523"},{"taxonomy":"product_tag","embeddable":true,"href":"https:\/\/www.studiobudikov.cz\/en\/wp-json\/wp\/v2\/product_tag?post=523"}],"curies":[{"name":"wp","href":"https:\/\/api.w.org\/{rel}","templated":true}]}}