{"id":522,"date":"2021-06-05T21:08:10","date_gmt":"2021-06-05T19:08:10","guid":{"rendered":"http:\/\/www.studiobudikov.cz\/?post_type=product&#038;p=522"},"modified":"2024-03-25T05:30:32","modified_gmt":"2024-03-25T04:30:32","slug":"pozorovatelna-2-cd","status":"publish","type":"product","link":"https:\/\/www.studiobudikov.cz\/en\/product\/pozorovatelna-2-cd\/","title":{"rendered":"Pozorovatelna 2 CD (do\u010dasn\u011b nedostupn\u00e9)"},"content":{"rendered":"<p>Nov\u00e9 polsk\u00e9 vyd\u00e1n\u00ed legend\u00e1rn\u00ed desky Jazz Q s dal\u0161\u00edm CD bonus\u016f a bohatou dokumentac\u00ed.<\/p>","protected":false},"excerpt":{"rendered":"<p>Nov\u00e9 polsk\u00e9 vyd\u00e1n\u00ed legend\u00e1rn\u00ed desky Jazz Q s dal\u0161\u00edm CD bonus\u016f a bohatou dokumentac\u00ed.<\/p>","protected":false},"featured_media":489,"comment_status":"open","ping_status":"closed","template":"","meta":[],"product_brand":[],"product_cat":[17],"product_tag":[],"class_list":{"0":"post-522","1":"product","2":"type-product","3":"status-publish","4":"has-post-thumbnail","6":"product_cat-cd","8":"first","9":"instock","10":"shipping-taxable","11":"purchasable","12":"product-type-simple"},"_links":{"self":[{"href":"https:\/\/www.studiobudikov.cz\/en\/wp-json\/wp\/v2\/product\/522","targetHints":{"allow":["GET"]}}],"collection":[{"href":"https:\/\/www.studiobudikov.cz\/en\/wp-json\/wp\/v2\/product"}],"about":[{"href":"https:\/\/www.studiobudikov.cz\/en\/wp-json\/wp\/v2\/types\/product"}],"replies":[{"embeddable":true,"href":"https:\/\/www.studiobudikov.cz\/en\/wp-json\/wp\/v2\/comments?post=522"}],"wp:featuredmedia":[{"embeddable":true,"href":"https:\/\/www.studiobudikov.cz\/en\/wp-json\/wp\/v2\/media\/489"}],"wp:attachment":[{"href":"https:\/\/www.studiobudikov.cz\/en\/wp-json\/wp\/v2\/media?parent=522"}],"wp:term":[{"taxonomy":"product_brand","embeddable":true,"href":"https:\/\/www.studiobudikov.cz\/en\/wp-json\/wp\/v2\/product_brand?post=522"},{"taxonomy":"product_cat","embeddable":true,"href":"https:\/\/www.studiobudikov.cz\/en\/wp-json\/wp\/v2\/product_cat?post=522"},{"taxonomy":"product_tag","embeddable":true,"href":"https:\/\/www.studiobudikov.cz\/en\/wp-json\/wp\/v2\/product_tag?post=522"}],"curies":[{"name":"wp","href":"https:\/\/api.w.org\/{rel}","templated":true}]}}