{"id":513,"date":"2021-06-05T20:57:40","date_gmt":"2021-06-05T18:57:40","guid":{"rendered":"http:\/\/www.studiobudikov.cz\/?post_type=product&#038;p=513"},"modified":"2021-06-05T20:57:40","modified_gmt":"2021-06-05T18:57:40","slug":"letopis-lp","status":"publish","type":"product","link":"https:\/\/www.studiobudikov.cz\/en\/product\/letopis-lp\/","title":{"rendered":"Letopis LP"},"content":{"rendered":"<p>Dal\u0161\u00ed z alb \u201eakustick\u00e9 formace\u201c dua Kratochv\u00edl \u2013 Ackerman. Ta se v posledn\u00edch letech rozrostla na trio dopln\u011bn\u00e9 Imranem Musou Zangim a dnes dokonce na kvartet, kde za druh\u00fdmi percussiony sed\u00ed Imran\u016fv syn Filip.<\/p>","protected":false},"excerpt":{"rendered":"<p>Dal\u0161\u00ed z alb \u201eakustick\u00e9 formace\u201c dua Kratochv\u00edl \u2013 Ackerman. Ta se v posledn\u00edch letech rozrostla na trio dopln\u011bn\u00e9 Imranem Musou Zangim a dnes dokonce na kvartet,<span class=\"excerpt-hellip\"> [\u2026]<\/span><\/p>","protected":false},"featured_media":512,"comment_status":"open","ping_status":"closed","template":"","meta":[],"product_brand":[],"product_cat":[25],"product_tag":[],"class_list":{"0":"post-513","1":"product","2":"type-product","3":"status-publish","4":"has-post-thumbnail","6":"product_cat-lp","8":"first","9":"instock","10":"shipping-taxable","11":"purchasable","12":"product-type-simple"},"_links":{"self":[{"href":"https:\/\/www.studiobudikov.cz\/en\/wp-json\/wp\/v2\/product\/513","targetHints":{"allow":["GET"]}}],"collection":[{"href":"https:\/\/www.studiobudikov.cz\/en\/wp-json\/wp\/v2\/product"}],"about":[{"href":"https:\/\/www.studiobudikov.cz\/en\/wp-json\/wp\/v2\/types\/product"}],"replies":[{"embeddable":true,"href":"https:\/\/www.studiobudikov.cz\/en\/wp-json\/wp\/v2\/comments?post=513"}],"wp:featuredmedia":[{"embeddable":true,"href":"https:\/\/www.studiobudikov.cz\/en\/wp-json\/wp\/v2\/media\/512"}],"wp:attachment":[{"href":"https:\/\/www.studiobudikov.cz\/en\/wp-json\/wp\/v2\/media?parent=513"}],"wp:term":[{"taxonomy":"product_brand","embeddable":true,"href":"https:\/\/www.studiobudikov.cz\/en\/wp-json\/wp\/v2\/product_brand?post=513"},{"taxonomy":"product_cat","embeddable":true,"href":"https:\/\/www.studiobudikov.cz\/en\/wp-json\/wp\/v2\/product_cat?post=513"},{"taxonomy":"product_tag","embeddable":true,"href":"https:\/\/www.studiobudikov.cz\/en\/wp-json\/wp\/v2\/product_tag?post=513"}],"curies":[{"name":"wp","href":"https:\/\/api.w.org\/{rel}","templated":true}]}}