{"id":494,"date":"2021-06-05T11:12:08","date_gmt":"2021-06-05T09:12:08","guid":{"rendered":"http:\/\/www.studiobudikov.cz\/?post_type=product&#038;p=494"},"modified":"2022-07-01T11:21:47","modified_gmt":"2022-07-01T09:21:47","slug":"himalayan-echoes-himalajske-ozveny-i","status":"publish","type":"product","link":"https:\/\/www.studiobudikov.cz\/en\/product\/himalayan-echoes-himalajske-ozveny-i\/","title":{"rendered":"Himalayan Echoes &#8211; Himal\u00e1jsk\u00e9 ozv\u011bny I (do\u010dasn\u011b nedostupn\u00e9)"},"content":{"rendered":"<p>Hudba ze seri\u00e1lu \u010cT \u010cesk\u00e9 him\u00e1lajsk\u00e9 dobrodru\u017estv\u00ed I<\/p>","protected":false},"excerpt":{"rendered":"<p>Hudba ze seri\u00e1lu \u010cT \u010cesk\u00e9 him\u00e1lajsk\u00e9 dobrodru\u017estv\u00ed I<\/p>","protected":false},"featured_media":495,"comment_status":"open","ping_status":"closed","template":"","meta":[],"product_brand":[],"product_cat":[17],"product_tag":[],"class_list":{"0":"post-494","1":"product","2":"type-product","3":"status-publish","4":"has-post-thumbnail","6":"product_cat-cd","8":"first","9":"instock","10":"shipping-taxable","11":"purchasable","12":"product-type-simple"},"_links":{"self":[{"href":"https:\/\/www.studiobudikov.cz\/en\/wp-json\/wp\/v2\/product\/494","targetHints":{"allow":["GET"]}}],"collection":[{"href":"https:\/\/www.studiobudikov.cz\/en\/wp-json\/wp\/v2\/product"}],"about":[{"href":"https:\/\/www.studiobudikov.cz\/en\/wp-json\/wp\/v2\/types\/product"}],"replies":[{"embeddable":true,"href":"https:\/\/www.studiobudikov.cz\/en\/wp-json\/wp\/v2\/comments?post=494"}],"wp:featuredmedia":[{"embeddable":true,"href":"https:\/\/www.studiobudikov.cz\/en\/wp-json\/wp\/v2\/media\/495"}],"wp:attachment":[{"href":"https:\/\/www.studiobudikov.cz\/en\/wp-json\/wp\/v2\/media?parent=494"}],"wp:term":[{"taxonomy":"product_brand","embeddable":true,"href":"https:\/\/www.studiobudikov.cz\/en\/wp-json\/wp\/v2\/product_brand?post=494"},{"taxonomy":"product_cat","embeddable":true,"href":"https:\/\/www.studiobudikov.cz\/en\/wp-json\/wp\/v2\/product_cat?post=494"},{"taxonomy":"product_tag","embeddable":true,"href":"https:\/\/www.studiobudikov.cz\/en\/wp-json\/wp\/v2\/product_tag?post=494"}],"curies":[{"name":"wp","href":"https:\/\/api.w.org\/{rel}","templated":true}]}}