{"id":485,"date":"2021-06-05T10:53:03","date_gmt":"2021-06-05T08:53:03","guid":{"rendered":"http:\/\/www.studiobudikov.cz\/?post_type=product&#038;p=485"},"modified":"2021-07-27T17:17:58","modified_gmt":"2021-07-27T15:17:58","slug":"jazz-q-live","status":"publish","type":"product","link":"https:\/\/www.studiobudikov.cz\/en\/product\/jazz-q-live\/","title":{"rendered":"Jazz Q: Live (do\u010dasn\u011b nedostupn\u00e9)"},"content":{"rendered":"<p>CD je sou\u010d\u00e1st\u00ed kompilace JAZZ Q: komplet 8CD<\/p>","protected":false},"excerpt":{"rendered":"<p>CD je sou\u010d\u00e1st\u00ed kompilace JAZZ Q: komplet 8CD<\/p>","protected":false},"featured_media":486,"comment_status":"open","ping_status":"closed","template":"","meta":[],"product_brand":[],"product_cat":[17],"product_tag":[],"class_list":{"0":"post-485","1":"product","2":"type-product","3":"status-publish","4":"has-post-thumbnail","6":"product_cat-cd","8":"first","9":"instock","10":"shipping-taxable","11":"product-type-simple"},"_links":{"self":[{"href":"https:\/\/www.studiobudikov.cz\/en\/wp-json\/wp\/v2\/product\/485","targetHints":{"allow":["GET"]}}],"collection":[{"href":"https:\/\/www.studiobudikov.cz\/en\/wp-json\/wp\/v2\/product"}],"about":[{"href":"https:\/\/www.studiobudikov.cz\/en\/wp-json\/wp\/v2\/types\/product"}],"replies":[{"embeddable":true,"href":"https:\/\/www.studiobudikov.cz\/en\/wp-json\/wp\/v2\/comments?post=485"}],"wp:featuredmedia":[{"embeddable":true,"href":"https:\/\/www.studiobudikov.cz\/en\/wp-json\/wp\/v2\/media\/486"}],"wp:attachment":[{"href":"https:\/\/www.studiobudikov.cz\/en\/wp-json\/wp\/v2\/media?parent=485"}],"wp:term":[{"taxonomy":"product_brand","embeddable":true,"href":"https:\/\/www.studiobudikov.cz\/en\/wp-json\/wp\/v2\/product_brand?post=485"},{"taxonomy":"product_cat","embeddable":true,"href":"https:\/\/www.studiobudikov.cz\/en\/wp-json\/wp\/v2\/product_cat?post=485"},{"taxonomy":"product_tag","embeddable":true,"href":"https:\/\/www.studiobudikov.cz\/en\/wp-json\/wp\/v2\/product_tag?post=485"}],"curies":[{"name":"wp","href":"https:\/\/api.w.org\/{rel}","templated":true}]}}