{"id":456,"date":"2021-05-30T16:14:48","date_gmt":"2021-05-30T14:14:48","guid":{"rendered":"http:\/\/www.studiobudikov.cz\/?post_type=product&#038;p=456"},"modified":"2021-07-27T17:14:20","modified_gmt":"2021-07-27T15:14:20","slug":"jazz-q-bonusy","status":"publish","type":"product","link":"https:\/\/www.studiobudikov.cz\/en\/product\/jazz-q-bonusy\/","title":{"rendered":"Album, kter\u00e9 nikdy nevy\u0161lo + bonusy (do\u010dasn\u011b nedostupn\u00e9)"},"content":{"rendered":"<p>CD je sou\u010d\u00e1st\u00ed kompilace JAZZ Q: komplet 8CD<\/p>","protected":false},"excerpt":{"rendered":"<p>CD je sou\u010d\u00e1st\u00ed kompilace JAZZ Q: komplet 8CD<\/p>","protected":false},"featured_media":457,"comment_status":"open","ping_status":"closed","template":"","meta":[],"product_brand":[],"product_cat":[17],"product_tag":[],"class_list":{"0":"post-456","1":"product","2":"type-product","3":"status-publish","4":"has-post-thumbnail","6":"product_cat-cd","8":"first","9":"instock","10":"shipping-taxable","11":"product-type-simple"},"_links":{"self":[{"href":"https:\/\/www.studiobudikov.cz\/en\/wp-json\/wp\/v2\/product\/456","targetHints":{"allow":["GET"]}}],"collection":[{"href":"https:\/\/www.studiobudikov.cz\/en\/wp-json\/wp\/v2\/product"}],"about":[{"href":"https:\/\/www.studiobudikov.cz\/en\/wp-json\/wp\/v2\/types\/product"}],"replies":[{"embeddable":true,"href":"https:\/\/www.studiobudikov.cz\/en\/wp-json\/wp\/v2\/comments?post=456"}],"wp:featuredmedia":[{"embeddable":true,"href":"https:\/\/www.studiobudikov.cz\/en\/wp-json\/wp\/v2\/media\/457"}],"wp:attachment":[{"href":"https:\/\/www.studiobudikov.cz\/en\/wp-json\/wp\/v2\/media?parent=456"}],"wp:term":[{"taxonomy":"product_brand","embeddable":true,"href":"https:\/\/www.studiobudikov.cz\/en\/wp-json\/wp\/v2\/product_brand?post=456"},{"taxonomy":"product_cat","embeddable":true,"href":"https:\/\/www.studiobudikov.cz\/en\/wp-json\/wp\/v2\/product_cat?post=456"},{"taxonomy":"product_tag","embeddable":true,"href":"https:\/\/www.studiobudikov.cz\/en\/wp-json\/wp\/v2\/product_tag?post=456"}],"curies":[{"name":"wp","href":"https:\/\/api.w.org\/{rel}","templated":true}]}}