{"id":702,"date":"2024-05-27T20:04:30","date_gmt":"2024-05-27T18:04:30","guid":{"rendered":"http:\/\/www.studiobudikov.cz\/?post_type=product&#038;p=702"},"modified":"2024-08-23T01:11:16","modified_gmt":"2024-08-22T23:11:16","slug":"jazz-q-live-plzen-1980","status":"publish","type":"product","link":"http:\/\/www.studiobudikov.cz\/en\/product\/jazz-q-live-plzen-1980\/","title":{"rendered":"JAZZ Q LIVE PLZE\u0147 1980"},"content":{"rendered":"<p>\u017div\u00fd koncert skupiny Jazz Q z Plzn\u011b, 5. \u010dervna 1980. Obsazen\u00ed: Martin Kratochv\u00edl &#8211; Fender piano, Minimoog, Franti\u0161ek Francl &#8211; kytara, Vladim\u00edr Padr\u016fn\u011bk &#8211; basov\u00e1 kytara, Pavel Trnavsk\u00fd &#8211; bic\u00ed n\u00e1stroje.<\/p>\n<p>Jazz Q, \u010deskoslovensk\u00ed tit\u00e1ni fusionu, v obdob\u00ed 70. a 80. let p\u0159ipom\u00ednali britsk\u00e9 p\u0159edch\u016fdce progresivn\u00edho rocku \u2013 skupinu King Crimson. Bylo zde mnoho podobnost\u00ed: fluktuace person\u00e1ln\u00edch obsazen\u00ed, ve\u00a0kter\u00fdch je n\u011bkdy obt\u00ed\u017en\u00e9 se vyznat; stejn\u00e1 (n\u011bkdy a\u017e chorobn\u00e1) perfekcionismus a tvrd\u00e1 ruka l\u00eddra (nenechme se oklamat \u00fasm\u011bvem Kratochv\u00edla \u2013 hluboko v srdci je to Fripp); t\u00e9m\u011b\u0159 posedlost p\u00e9\u010d\u00ed o\u00a0vysokou \u00farove\u0148 a kone\u010dn\u00fd tvar vydan\u00fdch alb; a kone\u010dn\u011b \u2013 nejd\u016fle\u017eit\u011bj\u0161\u00ed v\u011bc \u2013 v obou skupin\u00e1ch je patrn\u00e1 neust\u00e1l\u00e1, nep\u0159etr\u017eit\u00e1 a neot\u0159esiteln\u00e1 v\u00edra v to, \u017ee skute\u010dn\u00fdm (ne-li jedin\u00fdm) m\u00edstem, kde hudebn\u00ed\u00a0\u0159emeslo p\u0159ech\u00e1z\u00ed do um\u011bn\u00ed, je p\u00f3dium.<\/p>\n<p>&nbsp;<\/p>","protected":false},"excerpt":{"rendered":"<p>\u017div\u00fd koncert skupiny Jazz Q z Plzn\u011b, 5. \u010dervna 1980. Obsazen\u00ed: Martin Kratochv\u00edl &#8211; Fender piano, Minimoog, Franti\u0161ek Francl &#8211; kytara, Vladim\u00edr Padr\u016fn\u011bk &#8211; basov\u00e1 kytara,<span class=\"excerpt-hellip\"> [\u2026]<\/span><\/p>","protected":false},"featured_media":703,"comment_status":"open","ping_status":"closed","template":"","meta":[],"product_brand":[],"product_cat":[25],"product_tag":[],"class_list":{"0":"post-702","1":"product","2":"type-product","3":"status-publish","4":"has-post-thumbnail","6":"product_cat-lp","8":"first","9":"instock","10":"shipping-taxable","11":"purchasable","12":"product-type-simple"},"_links":{"self":[{"href":"http:\/\/www.studiobudikov.cz\/en\/wp-json\/wp\/v2\/product\/702","targetHints":{"allow":["GET"]}}],"collection":[{"href":"http:\/\/www.studiobudikov.cz\/en\/wp-json\/wp\/v2\/product"}],"about":[{"href":"http:\/\/www.studiobudikov.cz\/en\/wp-json\/wp\/v2\/types\/product"}],"replies":[{"embeddable":true,"href":"http:\/\/www.studiobudikov.cz\/en\/wp-json\/wp\/v2\/comments?post=702"}],"wp:featuredmedia":[{"embeddable":true,"href":"http:\/\/www.studiobudikov.cz\/en\/wp-json\/wp\/v2\/media\/703"}],"wp:attachment":[{"href":"http:\/\/www.studiobudikov.cz\/en\/wp-json\/wp\/v2\/media?parent=702"}],"wp:term":[{"taxonomy":"product_brand","embeddable":true,"href":"http:\/\/www.studiobudikov.cz\/en\/wp-json\/wp\/v2\/product_brand?post=702"},{"taxonomy":"product_cat","embeddable":true,"href":"http:\/\/www.studiobudikov.cz\/en\/wp-json\/wp\/v2\/product_cat?post=702"},{"taxonomy":"product_tag","embeddable":true,"href":"http:\/\/www.studiobudikov.cz\/en\/wp-json\/wp\/v2\/product_tag?post=702"}],"curies":[{"name":"wp","href":"https:\/\/api.w.org\/{rel}","templated":true}]}}