{"id":701,"date":"2024-05-27T19:22:36","date_gmt":"2024-05-27T17:22:36","guid":{"rendered":"http:\/\/www.studiobudikov.cz\/?post_type=product&#038;p=701"},"modified":"2024-05-27T19:22:36","modified_gmt":"2024-05-27T17:22:36","slug":"zvesti-2cd","status":"publish","type":"product","link":"http:\/\/www.studiobudikov.cz\/en\/product\/zvesti-2cd\/","title":{"rendered":"ZV\u011aSTI 2CD"},"content":{"rendered":"<p>Legend\u00e1rn\u00ed CD skupiny Jazz Q z roku 1976, po n\u00e1vratu kapeln\u00edka Martina Kratochv\u00edla ze studi\u00ed na Berklee College Of Music v Bostonu. Remasterovan\u00fd origin\u00e1l je doprov\u00e1zen druh\u00fdm CD bonus\u016f z t\u00e9\u017ee doby z Kratochv\u00edlova arch\u00edvu hlavn\u011b filmov\u00e9 muziky.<\/p>","protected":false},"excerpt":{"rendered":"<p>Legend\u00e1rn\u00ed CD skupiny Jazz Q z roku 1976, po n\u00e1vratu kapeln\u00edka Martina Kratochv\u00edla ze studi\u00ed na Berklee College Of Music v Bostonu. Remasterovan\u00fd origin\u00e1l je doprov\u00e1zen<span class=\"excerpt-hellip\"> [\u2026]<\/span><\/p>","protected":false},"featured_media":493,"comment_status":"open","ping_status":"closed","template":"","meta":[],"product_brand":[],"product_cat":[17],"product_tag":[],"class_list":{"0":"post-701","1":"product","2":"type-product","3":"status-publish","4":"has-post-thumbnail","6":"product_cat-cd","8":"first","9":"instock","10":"shipping-taxable","11":"purchasable","12":"product-type-simple"},"_links":{"self":[{"href":"http:\/\/www.studiobudikov.cz\/en\/wp-json\/wp\/v2\/product\/701","targetHints":{"allow":["GET"]}}],"collection":[{"href":"http:\/\/www.studiobudikov.cz\/en\/wp-json\/wp\/v2\/product"}],"about":[{"href":"http:\/\/www.studiobudikov.cz\/en\/wp-json\/wp\/v2\/types\/product"}],"replies":[{"embeddable":true,"href":"http:\/\/www.studiobudikov.cz\/en\/wp-json\/wp\/v2\/comments?post=701"}],"wp:featuredmedia":[{"embeddable":true,"href":"http:\/\/www.studiobudikov.cz\/en\/wp-json\/wp\/v2\/media\/493"}],"wp:attachment":[{"href":"http:\/\/www.studiobudikov.cz\/en\/wp-json\/wp\/v2\/media?parent=701"}],"wp:term":[{"taxonomy":"product_brand","embeddable":true,"href":"http:\/\/www.studiobudikov.cz\/en\/wp-json\/wp\/v2\/product_brand?post=701"},{"taxonomy":"product_cat","embeddable":true,"href":"http:\/\/www.studiobudikov.cz\/en\/wp-json\/wp\/v2\/product_cat?post=701"},{"taxonomy":"product_tag","embeddable":true,"href":"http:\/\/www.studiobudikov.cz\/en\/wp-json\/wp\/v2\/product_tag?post=701"}],"curies":[{"name":"wp","href":"https:\/\/api.w.org\/{rel}","templated":true}]}}