{"id":572,"date":"2021-06-06T13:07:56","date_gmt":"2021-06-06T11:07:56","guid":{"rendered":"http:\/\/www.studiobudikov.cz\/?post_type=product&#038;p=572"},"modified":"2021-06-06T13:07:57","modified_gmt":"2021-06-06T11:07:57","slug":"kasmir-a-ladak","status":"publish","type":"product","link":"http:\/\/www.studiobudikov.cz\/en\/product\/kasmir-a-ladak\/","title":{"rendered":"Ka\u0161m\u00edr a Ladak"},"content":{"rendered":"<p>\u010cty\u0159d\u00edln\u00fd dokument z Indick\u00e9ho Him\u00e1laje. (Zanskar, Markha a Le, Buddhistick\u00e9 kl\u00e1\u0161tery, Sr\u00ednagar-m\u011bsto koberc\u016f)<\/p>","protected":false},"excerpt":{"rendered":"<p>\u010cty\u0159d\u00edln\u00fd dokument z Indick\u00e9ho Him\u00e1laje. (Zanskar, Markha a Le, Buddhistick\u00e9 kl\u00e1\u0161tery, Sr\u00ednagar-m\u011bsto koberc\u016f)<\/p>","protected":false},"featured_media":573,"comment_status":"open","ping_status":"closed","template":"","meta":[],"product_brand":[],"product_cat":[19],"product_tag":[],"class_list":{"0":"post-572","1":"product","2":"type-product","3":"status-publish","4":"has-post-thumbnail","6":"product_cat-dvd","8":"first","9":"instock","10":"shipping-taxable","11":"purchasable","12":"product-type-simple"},"_links":{"self":[{"href":"http:\/\/www.studiobudikov.cz\/en\/wp-json\/wp\/v2\/product\/572","targetHints":{"allow":["GET"]}}],"collection":[{"href":"http:\/\/www.studiobudikov.cz\/en\/wp-json\/wp\/v2\/product"}],"about":[{"href":"http:\/\/www.studiobudikov.cz\/en\/wp-json\/wp\/v2\/types\/product"}],"replies":[{"embeddable":true,"href":"http:\/\/www.studiobudikov.cz\/en\/wp-json\/wp\/v2\/comments?post=572"}],"wp:featuredmedia":[{"embeddable":true,"href":"http:\/\/www.studiobudikov.cz\/en\/wp-json\/wp\/v2\/media\/573"}],"wp:attachment":[{"href":"http:\/\/www.studiobudikov.cz\/en\/wp-json\/wp\/v2\/media?parent=572"}],"wp:term":[{"taxonomy":"product_brand","embeddable":true,"href":"http:\/\/www.studiobudikov.cz\/en\/wp-json\/wp\/v2\/product_brand?post=572"},{"taxonomy":"product_cat","embeddable":true,"href":"http:\/\/www.studiobudikov.cz\/en\/wp-json\/wp\/v2\/product_cat?post=572"},{"taxonomy":"product_tag","embeddable":true,"href":"http:\/\/www.studiobudikov.cz\/en\/wp-json\/wp\/v2\/product_tag?post=572"}],"curies":[{"name":"wp","href":"https:\/\/api.w.org\/{rel}","templated":true}]}}