{"id":566,"date":"2021-06-06T13:04:38","date_gmt":"2021-06-06T11:04:38","guid":{"rendered":"http:\/\/www.studiobudikov.cz\/?post_type=product&#038;p=566"},"modified":"2021-06-06T13:04:38","modified_gmt":"2021-06-06T11:04:38","slug":"indie-a-zeme-buddhismu","status":"publish","type":"product","link":"http:\/\/www.studiobudikov.cz\/en\/product\/indie-a-zeme-buddhismu\/","title":{"rendered":"Indie a zem\u011b buddhismu"},"content":{"rendered":"<p>Monotematick\u00e9 obr\u00e1zky ze sv\u011bta buddhistick\u00fdch svatyn\u00ed i z ka\u017edodenn\u00edch situac\u00ed.<\/p>","protected":false},"excerpt":{"rendered":"<p>Monotematick\u00e9 obr\u00e1zky ze sv\u011bta buddhistick\u00fdch svatyn\u00ed i z ka\u017edodenn\u00edch situac\u00ed.<\/p>","protected":false},"featured_media":567,"comment_status":"open","ping_status":"closed","template":"","meta":[],"product_brand":[],"product_cat":[19],"product_tag":[],"class_list":{"0":"post-566","1":"product","2":"type-product","3":"status-publish","4":"has-post-thumbnail","6":"product_cat-dvd","8":"first","9":"instock","10":"shipping-taxable","11":"purchasable","12":"product-type-simple"},"_links":{"self":[{"href":"http:\/\/www.studiobudikov.cz\/en\/wp-json\/wp\/v2\/product\/566","targetHints":{"allow":["GET"]}}],"collection":[{"href":"http:\/\/www.studiobudikov.cz\/en\/wp-json\/wp\/v2\/product"}],"about":[{"href":"http:\/\/www.studiobudikov.cz\/en\/wp-json\/wp\/v2\/types\/product"}],"replies":[{"embeddable":true,"href":"http:\/\/www.studiobudikov.cz\/en\/wp-json\/wp\/v2\/comments?post=566"}],"wp:featuredmedia":[{"embeddable":true,"href":"http:\/\/www.studiobudikov.cz\/en\/wp-json\/wp\/v2\/media\/567"}],"wp:attachment":[{"href":"http:\/\/www.studiobudikov.cz\/en\/wp-json\/wp\/v2\/media?parent=566"}],"wp:term":[{"taxonomy":"product_brand","embeddable":true,"href":"http:\/\/www.studiobudikov.cz\/en\/wp-json\/wp\/v2\/product_brand?post=566"},{"taxonomy":"product_cat","embeddable":true,"href":"http:\/\/www.studiobudikov.cz\/en\/wp-json\/wp\/v2\/product_cat?post=566"},{"taxonomy":"product_tag","embeddable":true,"href":"http:\/\/www.studiobudikov.cz\/en\/wp-json\/wp\/v2\/product_tag?post=566"}],"curies":[{"name":"wp","href":"https:\/\/api.w.org\/{rel}","templated":true}]}}