{"id":560,"date":"2021-06-06T13:01:02","date_gmt":"2021-06-06T11:01:02","guid":{"rendered":"http:\/\/www.studiobudikov.cz\/?post_type=product&#038;p=560"},"modified":"2021-06-06T13:01:03","modified_gmt":"2021-06-06T11:01:03","slug":"everest-trek","status":"publish","type":"product","link":"http:\/\/www.studiobudikov.cz\/en\/product\/everest-trek\/","title":{"rendered":"Everest trek"},"content":{"rendered":"<p>Autor l\u00ed\u010d\u00ed v ich-form\u011b \u00fasm\u011bvn\u00e9 z\u00e1\u017eitky z klasick\u00e9ho treku z Jiri na Kala Patar.<\/p>","protected":false},"excerpt":{"rendered":"<p>Autor l\u00ed\u010d\u00ed v ich-form\u011b \u00fasm\u011bvn\u00e9 z\u00e1\u017eitky z klasick\u00e9ho treku z Jiri na Kala Patar.<\/p>","protected":false},"featured_media":561,"comment_status":"open","ping_status":"closed","template":"","meta":[],"product_brand":[],"product_cat":[19],"product_tag":[],"class_list":{"0":"post-560","1":"product","2":"type-product","3":"status-publish","4":"has-post-thumbnail","6":"product_cat-dvd","8":"first","9":"instock","10":"shipping-taxable","11":"purchasable","12":"product-type-simple"},"_links":{"self":[{"href":"http:\/\/www.studiobudikov.cz\/en\/wp-json\/wp\/v2\/product\/560","targetHints":{"allow":["GET"]}}],"collection":[{"href":"http:\/\/www.studiobudikov.cz\/en\/wp-json\/wp\/v2\/product"}],"about":[{"href":"http:\/\/www.studiobudikov.cz\/en\/wp-json\/wp\/v2\/types\/product"}],"replies":[{"embeddable":true,"href":"http:\/\/www.studiobudikov.cz\/en\/wp-json\/wp\/v2\/comments?post=560"}],"wp:featuredmedia":[{"embeddable":true,"href":"http:\/\/www.studiobudikov.cz\/en\/wp-json\/wp\/v2\/media\/561"}],"wp:attachment":[{"href":"http:\/\/www.studiobudikov.cz\/en\/wp-json\/wp\/v2\/media?parent=560"}],"wp:term":[{"taxonomy":"product_brand","embeddable":true,"href":"http:\/\/www.studiobudikov.cz\/en\/wp-json\/wp\/v2\/product_brand?post=560"},{"taxonomy":"product_cat","embeddable":true,"href":"http:\/\/www.studiobudikov.cz\/en\/wp-json\/wp\/v2\/product_cat?post=560"},{"taxonomy":"product_tag","embeddable":true,"href":"http:\/\/www.studiobudikov.cz\/en\/wp-json\/wp\/v2\/product_tag?post=560"}],"curies":[{"name":"wp","href":"https:\/\/api.w.org\/{rel}","templated":true}]}}