{"id":554,"date":"2021-06-06T10:04:32","date_gmt":"2021-06-06T08:04:32","guid":{"rendered":"http:\/\/www.studiobudikov.cz\/?post_type=product&#038;p=554"},"modified":"2021-06-06T10:07:57","modified_gmt":"2021-06-06T08:07:57","slug":"ceske-himalajske-dobrodruzstvi-4-dvd","status":"publish","type":"product","link":"http:\/\/www.studiobudikov.cz\/en\/product\/ceske-himalajske-dobrodruzstvi-4-dvd\/","title":{"rendered":"\u010cesk\u00e9 him\u00e1lajsk\u00e9 dobrodru\u017estv\u00ed 4 DVD"},"content":{"rendered":"<p>Dokument\u00e1rn\u00ed cyklus \u010cesk\u00e9 televize o historii dob\u00fdv\u00e1n\u00ed 14 nejvy\u0161\u0161\u00edch him\u00e1lajsk\u00fdch vrchol\u016f \u010desk\u00fdmi horolezci.<\/p>","protected":false},"excerpt":{"rendered":"<p>Dokument\u00e1rn\u00ed cyklus \u010cesk\u00e9 televize o historii dob\u00fdv\u00e1n\u00ed 14 nejvy\u0161\u0161\u00edch him\u00e1lajsk\u00fdch vrchol\u016f \u010desk\u00fdmi horolezci.<\/p>","protected":false},"featured_media":555,"comment_status":"open","ping_status":"closed","template":"","meta":[],"product_brand":[],"product_cat":[19],"product_tag":[],"class_list":{"0":"post-554","1":"product","2":"type-product","3":"status-publish","4":"has-post-thumbnail","6":"product_cat-dvd","8":"first","9":"instock","10":"shipping-taxable","11":"purchasable","12":"product-type-simple"},"_links":{"self":[{"href":"http:\/\/www.studiobudikov.cz\/en\/wp-json\/wp\/v2\/product\/554","targetHints":{"allow":["GET"]}}],"collection":[{"href":"http:\/\/www.studiobudikov.cz\/en\/wp-json\/wp\/v2\/product"}],"about":[{"href":"http:\/\/www.studiobudikov.cz\/en\/wp-json\/wp\/v2\/types\/product"}],"replies":[{"embeddable":true,"href":"http:\/\/www.studiobudikov.cz\/en\/wp-json\/wp\/v2\/comments?post=554"}],"wp:featuredmedia":[{"embeddable":true,"href":"http:\/\/www.studiobudikov.cz\/en\/wp-json\/wp\/v2\/media\/555"}],"wp:attachment":[{"href":"http:\/\/www.studiobudikov.cz\/en\/wp-json\/wp\/v2\/media?parent=554"}],"wp:term":[{"taxonomy":"product_brand","embeddable":true,"href":"http:\/\/www.studiobudikov.cz\/en\/wp-json\/wp\/v2\/product_brand?post=554"},{"taxonomy":"product_cat","embeddable":true,"href":"http:\/\/www.studiobudikov.cz\/en\/wp-json\/wp\/v2\/product_cat?post=554"},{"taxonomy":"product_tag","embeddable":true,"href":"http:\/\/www.studiobudikov.cz\/en\/wp-json\/wp\/v2\/product_tag?post=554"}],"curies":[{"name":"wp","href":"https:\/\/api.w.org\/{rel}","templated":true}]}}