{"id":550,"date":"2021-06-06T10:03:08","date_gmt":"2021-06-06T08:03:08","guid":{"rendered":"http:\/\/www.studiobudikov.cz\/?post_type=product&#038;p=550"},"modified":"2021-06-06T10:03:08","modified_gmt":"2021-06-06T08:03:08","slug":"bhutan-snowman-trek","status":"publish","type":"product","link":"http:\/\/www.studiobudikov.cz\/en\/product\/bhutan-snowman-trek\/","title":{"rendered":"Bh\u00fat\u00e1n: Snowman trek"},"content":{"rendered":"<p>\u010cty\u0159d\u00edln\u00fd seri\u00e1l o velmi obt\u00ed\u017en\u00e9m a dlouh\u00e9m treku, pova\u017eov\u00e9m mnoh\u00fdmi za nejt\u011b\u017e\u0161\u00ed horsk\u00fd trek na sv\u011bt\u011b.<\/p>","protected":false},"excerpt":{"rendered":"<p>\u010cty\u0159d\u00edln\u00fd seri\u00e1l o velmi obt\u00ed\u017en\u00e9m a dlouh\u00e9m treku, pova\u017eov\u00e9m mnoh\u00fdmi za nejt\u011b\u017e\u0161\u00ed horsk\u00fd trek na sv\u011bt\u011b.<\/p>","protected":false},"featured_media":551,"comment_status":"open","ping_status":"closed","template":"","meta":[],"product_brand":[],"product_cat":[19],"product_tag":[],"class_list":{"0":"post-550","1":"product","2":"type-product","3":"status-publish","4":"has-post-thumbnail","6":"product_cat-dvd","8":"first","9":"instock","10":"shipping-taxable","11":"purchasable","12":"product-type-simple"},"_links":{"self":[{"href":"http:\/\/www.studiobudikov.cz\/en\/wp-json\/wp\/v2\/product\/550","targetHints":{"allow":["GET"]}}],"collection":[{"href":"http:\/\/www.studiobudikov.cz\/en\/wp-json\/wp\/v2\/product"}],"about":[{"href":"http:\/\/www.studiobudikov.cz\/en\/wp-json\/wp\/v2\/types\/product"}],"replies":[{"embeddable":true,"href":"http:\/\/www.studiobudikov.cz\/en\/wp-json\/wp\/v2\/comments?post=550"}],"wp:featuredmedia":[{"embeddable":true,"href":"http:\/\/www.studiobudikov.cz\/en\/wp-json\/wp\/v2\/media\/551"}],"wp:attachment":[{"href":"http:\/\/www.studiobudikov.cz\/en\/wp-json\/wp\/v2\/media?parent=550"}],"wp:term":[{"taxonomy":"product_brand","embeddable":true,"href":"http:\/\/www.studiobudikov.cz\/en\/wp-json\/wp\/v2\/product_brand?post=550"},{"taxonomy":"product_cat","embeddable":true,"href":"http:\/\/www.studiobudikov.cz\/en\/wp-json\/wp\/v2\/product_cat?post=550"},{"taxonomy":"product_tag","embeddable":true,"href":"http:\/\/www.studiobudikov.cz\/en\/wp-json\/wp\/v2\/product_tag?post=550"}],"curies":[{"name":"wp","href":"https:\/\/api.w.org\/{rel}","templated":true}]}}