{"id":504,"date":"2021-06-05T20:49:20","date_gmt":"2021-06-05T18:49:20","guid":{"rendered":"http:\/\/www.studiobudikov.cz\/?post_type=product&#038;p=504"},"modified":"2021-06-05T20:49:20","modified_gmt":"2021-06-05T18:49:20","slug":"hvezdon-2-cd","status":"publish","type":"product","link":"http:\/\/www.studiobudikov.cz\/en\/product\/hvezdon-2-cd\/","title":{"rendered":"Hv\u011bzdo\u0148 2 CD"},"content":{"rendered":"<p>Nov\u00e9 polsk\u00e9 vyd\u00e1n\u00ed legend\u00e1rn\u00ed desky Jazz Q s dal\u0161\u00edm CD bonus\u016f a bohatou dokumentac\u00ed.<\/p>","protected":false},"excerpt":{"rendered":"<p>Nov\u00e9 polsk\u00e9 vyd\u00e1n\u00ed legend\u00e1rn\u00ed desky Jazz Q s dal\u0161\u00edm CD bonus\u016f a bohatou dokumentac\u00ed.<\/p>","protected":false},"featured_media":505,"comment_status":"open","ping_status":"closed","template":"","meta":[],"product_brand":[],"product_cat":[17],"product_tag":[],"class_list":{"0":"post-504","1":"product","2":"type-product","3":"status-publish","4":"has-post-thumbnail","6":"product_cat-cd","8":"first","9":"instock","10":"shipping-taxable","11":"purchasable","12":"product-type-simple"},"_links":{"self":[{"href":"http:\/\/www.studiobudikov.cz\/en\/wp-json\/wp\/v2\/product\/504","targetHints":{"allow":["GET"]}}],"collection":[{"href":"http:\/\/www.studiobudikov.cz\/en\/wp-json\/wp\/v2\/product"}],"about":[{"href":"http:\/\/www.studiobudikov.cz\/en\/wp-json\/wp\/v2\/types\/product"}],"replies":[{"embeddable":true,"href":"http:\/\/www.studiobudikov.cz\/en\/wp-json\/wp\/v2\/comments?post=504"}],"wp:featuredmedia":[{"embeddable":true,"href":"http:\/\/www.studiobudikov.cz\/en\/wp-json\/wp\/v2\/media\/505"}],"wp:attachment":[{"href":"http:\/\/www.studiobudikov.cz\/en\/wp-json\/wp\/v2\/media?parent=504"}],"wp:term":[{"taxonomy":"product_brand","embeddable":true,"href":"http:\/\/www.studiobudikov.cz\/en\/wp-json\/wp\/v2\/product_brand?post=504"},{"taxonomy":"product_cat","embeddable":true,"href":"http:\/\/www.studiobudikov.cz\/en\/wp-json\/wp\/v2\/product_cat?post=504"},{"taxonomy":"product_tag","embeddable":true,"href":"http:\/\/www.studiobudikov.cz\/en\/wp-json\/wp\/v2\/product_tag?post=504"}],"curies":[{"name":"wp","href":"https:\/\/api.w.org\/{rel}","templated":true}]}}