{"id":483,"date":"2021-06-05T10:52:02","date_gmt":"2021-06-05T08:52:02","guid":{"rendered":"http:\/\/www.studiobudikov.cz\/?post_type=product&#038;p=483"},"modified":"2021-06-05T20:55:15","modified_gmt":"2021-06-05T18:55:15","slug":"jazz-na-hrade","status":"publish","type":"product","link":"http:\/\/www.studiobudikov.cz\/en\/product\/jazz-na-hrade\/","title":{"rendered":"Jazz na Hrad\u011b"},"content":{"rendered":"<p>Z\u00e1znam z \u017eiv\u00e9ho koncertu v M\u00ed\u010dovn\u011b Pra\u017esk\u00e9ho hradu.<\/p>","protected":false},"excerpt":{"rendered":"<p>Z\u00e1znam z \u017eiv\u00e9ho koncertu v M\u00ed\u010dovn\u011b Pra\u017esk\u00e9ho hradu.<\/p>","protected":false},"featured_media":484,"comment_status":"open","ping_status":"closed","template":"","meta":[],"product_brand":[],"product_cat":[17],"product_tag":[],"class_list":{"0":"post-483","1":"product","2":"type-product","3":"status-publish","4":"has-post-thumbnail","6":"product_cat-cd","8":"first","9":"instock","10":"shipping-taxable","11":"purchasable","12":"product-type-simple"},"_links":{"self":[{"href":"http:\/\/www.studiobudikov.cz\/en\/wp-json\/wp\/v2\/product\/483","targetHints":{"allow":["GET"]}}],"collection":[{"href":"http:\/\/www.studiobudikov.cz\/en\/wp-json\/wp\/v2\/product"}],"about":[{"href":"http:\/\/www.studiobudikov.cz\/en\/wp-json\/wp\/v2\/types\/product"}],"replies":[{"embeddable":true,"href":"http:\/\/www.studiobudikov.cz\/en\/wp-json\/wp\/v2\/comments?post=483"}],"wp:featuredmedia":[{"embeddable":true,"href":"http:\/\/www.studiobudikov.cz\/en\/wp-json\/wp\/v2\/media\/484"}],"wp:attachment":[{"href":"http:\/\/www.studiobudikov.cz\/en\/wp-json\/wp\/v2\/media?parent=483"}],"wp:term":[{"taxonomy":"product_brand","embeddable":true,"href":"http:\/\/www.studiobudikov.cz\/en\/wp-json\/wp\/v2\/product_brand?post=483"},{"taxonomy":"product_cat","embeddable":true,"href":"http:\/\/www.studiobudikov.cz\/en\/wp-json\/wp\/v2\/product_cat?post=483"},{"taxonomy":"product_tag","embeddable":true,"href":"http:\/\/www.studiobudikov.cz\/en\/wp-json\/wp\/v2\/product_tag?post=483"}],"curies":[{"name":"wp","href":"https:\/\/api.w.org\/{rel}","templated":true}]}}